{"id":26932,"date":"2024-05-13T13:27:15","date_gmt":"2024-05-13T16:27:15","guid":{"rendered":"https:\/\/revistadoscondominios.com.br\/desenvolvimento\/?page_id=26932"},"modified":"2024-05-13T13:27:15","modified_gmt":"2024-05-13T16:27:15","slug":"edicoes-2021","status":"publish","type":"page","link":"https:\/\/revistadoscondominios.com.br\/desenvolvimento\/edicoes-2021\/","title":{"rendered":"EDI\u00c7\u00d5ES 2021"},"content":{"rendered":"\t\t<div data-elementor-type=\"wp-page\" data-elementor-id=\"26932\" class=\"elementor elementor-26932\">\n\t\t\t\t\t\t<\/div>\n\t\t","protected":false},"excerpt":{"rendered":"<p>Edi\u00e7\u00e3o 1 | Outubro de 2021 COLUNAS A urbaniza\u00e7\u00e3o do Brasil e o desenvolvimento das profiss\u00f5es imobili\u00e1rias Taxa<\/p>\n","protected":false},"author":1,"featured_media":0,"parent":0,"menu_order":0,"comment_status":"closed","ping_status":"closed","template":"","meta":{"footnotes":""},"class_list":["post-26932","page","type-page","status-publish","hentry"],"_links":{"self":[{"href":"https:\/\/revistadoscondominios.com.br\/desenvolvimento\/wp-json\/wp\/v2\/pages\/26932","targetHints":{"allow":["GET"]}}],"collection":[{"href":"https:\/\/revistadoscondominios.com.br\/desenvolvimento\/wp-json\/wp\/v2\/pages"}],"about":[{"href":"https:\/\/revistadoscondominios.com.br\/desenvolvimento\/wp-json\/wp\/v2\/types\/page"}],"author":[{"embeddable":true,"href":"https:\/\/revistadoscondominios.com.br\/desenvolvimento\/wp-json\/wp\/v2\/users\/1"}],"replies":[{"embeddable":true,"href":"https:\/\/revistadoscondominios.com.br\/desenvolvimento\/wp-json\/wp\/v2\/comments?post=26932"}],"version-history":[{"count":0,"href":"https:\/\/revistadoscondominios.com.br\/desenvolvimento\/wp-json\/wp\/v2\/pages\/26932\/revisions"}],"wp:attachment":[{"href":"https:\/\/revistadoscondominios.com.br\/desenvolvimento\/wp-json\/wp\/v2\/media?parent=26932"}],"curies":[{"name":"wp","href":"https:\/\/api.w.org\/{rel}","templated":true}]}}