{"id":27189,"date":"2024-05-13T13:56:15","date_gmt":"2024-05-13T16:56:15","guid":{"rendered":"https:\/\/revistadoscondominios.com.br\/desenvolvimento\/?page_id=27189"},"modified":"2024-05-13T13:56:15","modified_gmt":"2024-05-13T16:56:15","slug":"edicoes-2022","status":"publish","type":"page","link":"https:\/\/revistadoscondominios.com.br\/desenvolvimento\/edicoes-2022\/","title":{"rendered":"EDI\u00c7\u00d5ES 2022"},"content":{"rendered":"\t\t<div data-elementor-type=\"wp-page\" data-elementor-id=\"27189\" class=\"elementor elementor-27189\">\n\t\t\t\t\t\t<\/div>\n\t\t","protected":false},"excerpt":{"rendered":"<p>Edi\u00e7\u00e3o 4 | Janeiro de 2022 COLUNAS As portas da vida O condom\u00ednio sob o olhar da Administra\u00e7\u00e3o<\/p>\n","protected":false},"author":1,"featured_media":0,"parent":0,"menu_order":0,"comment_status":"closed","ping_status":"closed","template":"","meta":{"footnotes":""},"class_list":["post-27189","page","type-page","status-publish","hentry"],"_links":{"self":[{"href":"https:\/\/revistadoscondominios.com.br\/desenvolvimento\/wp-json\/wp\/v2\/pages\/27189","targetHints":{"allow":["GET"]}}],"collection":[{"href":"https:\/\/revistadoscondominios.com.br\/desenvolvimento\/wp-json\/wp\/v2\/pages"}],"about":[{"href":"https:\/\/revistadoscondominios.com.br\/desenvolvimento\/wp-json\/wp\/v2\/types\/page"}],"author":[{"embeddable":true,"href":"https:\/\/revistadoscondominios.com.br\/desenvolvimento\/wp-json\/wp\/v2\/users\/1"}],"replies":[{"embeddable":true,"href":"https:\/\/revistadoscondominios.com.br\/desenvolvimento\/wp-json\/wp\/v2\/comments?post=27189"}],"version-history":[{"count":0,"href":"https:\/\/revistadoscondominios.com.br\/desenvolvimento\/wp-json\/wp\/v2\/pages\/27189\/revisions"}],"wp:attachment":[{"href":"https:\/\/revistadoscondominios.com.br\/desenvolvimento\/wp-json\/wp\/v2\/media?parent=27189"}],"curies":[{"name":"wp","href":"https:\/\/api.w.org\/{rel}","templated":true}]}}