{"id":27202,"date":"2024-05-13T14:11:20","date_gmt":"2024-05-13T17:11:20","guid":{"rendered":"https:\/\/revistadoscondominios.com.br\/desenvolvimento\/?page_id=27202"},"modified":"2024-05-13T14:11:20","modified_gmt":"2024-05-13T17:11:20","slug":"edicoes-2024","status":"publish","type":"page","link":"https:\/\/revistadoscondominios.com.br\/desenvolvimento\/edicoes-2024\/","title":{"rendered":"EDI\u00c7\u00d5ES 2024"},"content":{"rendered":"\t\t<div data-elementor-type=\"wp-page\" data-elementor-id=\"27202\" class=\"elementor elementor-27202\">\n\t\t\t\t\t\t<\/div>\n\t\t","protected":false},"excerpt":{"rendered":"<p>Edi\u00e7\u00e3o 25 | Janeiro\/Fevereiro de 2024 COLUNAS Todas as Colunas da Edi\u00e7\u00e3o 25 As principais atribui\u00e7\u00f5es legais do<\/p>\n","protected":false},"author":1,"featured_media":0,"parent":0,"menu_order":0,"comment_status":"closed","ping_status":"closed","template":"","meta":{"footnotes":""},"class_list":["post-27202","page","type-page","status-publish","hentry"],"_links":{"self":[{"href":"https:\/\/revistadoscondominios.com.br\/desenvolvimento\/wp-json\/wp\/v2\/pages\/27202","targetHints":{"allow":["GET"]}}],"collection":[{"href":"https:\/\/revistadoscondominios.com.br\/desenvolvimento\/wp-json\/wp\/v2\/pages"}],"about":[{"href":"https:\/\/revistadoscondominios.com.br\/desenvolvimento\/wp-json\/wp\/v2\/types\/page"}],"author":[{"embeddable":true,"href":"https:\/\/revistadoscondominios.com.br\/desenvolvimento\/wp-json\/wp\/v2\/users\/1"}],"replies":[{"embeddable":true,"href":"https:\/\/revistadoscondominios.com.br\/desenvolvimento\/wp-json\/wp\/v2\/comments?post=27202"}],"version-history":[{"count":0,"href":"https:\/\/revistadoscondominios.com.br\/desenvolvimento\/wp-json\/wp\/v2\/pages\/27202\/revisions"}],"wp:attachment":[{"href":"https:\/\/revistadoscondominios.com.br\/desenvolvimento\/wp-json\/wp\/v2\/media?parent=27202"}],"curies":[{"name":"wp","href":"https:\/\/api.w.org\/{rel}","templated":true}]}}