{"id":356,"date":"2021-11-11T16:28:14","date_gmt":"2021-11-11T16:28:14","guid":{"rendered":"https:\/\/revistadoscondominios.com.br\/nova\/?page_id=356"},"modified":"2021-11-11T16:28:14","modified_gmt":"2021-11-11T16:28:14","slug":"comunicacao-condominial","status":"publish","type":"page","link":"https:\/\/revistadoscondominios.com.br\/desenvolvimento\/comunicacao-condominial\/","title":{"rendered":"Poder das Frases Simples"},"content":{"rendered":"<p><img loading=\"lazy\" decoding=\"async\" width=\"750\" height=\"239\" src=\"https:\/\/revistadoscondominios.com.br\/nova\/wp-content\/uploads\/2021\/11\/comunicacao-condominial-1024x326.png\" alt=\"\" loading=\"lazy\" srcset=\"https:\/\/revistadoscondominios.com.br\/nova\/wp-content\/uploads\/2021\/11\/comunicacao-condominial-1024x326.png 1024w, https:\/\/revistadoscondominios.com.br\/nova\/wp-content\/uploads\/2021\/11\/comunicacao-condominial-300x96.png 300w, https:\/\/revistadoscondominios.com.br\/nova\/wp-content\/uploads\/2021\/11\/comunicacao-condominial-768x245.png 768w, https:\/\/revistadoscondominios.com.br\/nova\/wp-content\/uploads\/2021\/11\/comunicacao-condominial.png 1173w\" sizes=\"auto, (max-width: 750px) 100vw, 750px\" \/><\/p>\n<h1>O PODER DAS FRASES SIMPLES<\/h1>\n<p><style>\np.capit::first-letter {   font-size: 4rem;    font-weight: bold;   float: left;margin: -20px 10px -20px 0px;}<br \/><\/style>\n<\/p>\n<p>Entrando e saindo de portarias e elevadores nos mais diversos condom\u00ednios, desde um \u201cMinha Casa, Minha Vida\u201d at\u00e9 o \u201cMans\u00f5es\u201d, dos globais e emergentes da Barra da Tijuca (RJ), qualquer leitor mais atento ou experiente percebe os desvios gramaticais obrigatoriamente presentes em cada um dos informativos afixados pelas \u00e1reas comuns para os cond\u00f4minos (\u00e0s vezes pelo s\u00edndico, outras, pela administradora).<\/p>\n<p>O que mais me chama a aten\u00e7\u00e3o, no entanto, \u00e9 a forma pseudo-rebuscada desses textos. Claramente o autor, inexperiente nas letras, desinformado das palavras e desprovido dos fundamentos textuais que somente uma boa carga de leitura lhe daria, procura \u201cescrever bonito\u201d e seguir o registro formal da L\u00edngua Portuguesa. Dessa tentativa de escrever bem, sem saber como, resulta quase sempre um texto confuso, que busca um alto grau de formalidade, mas finda num caldeir\u00e3o de palavras sem coes\u00e3o e com pouca clareza.<\/p>\n<p>Culpa do autor? De forma alguma! Essa responsabilidade recai sobre nosso sistema escolar, que privilegia o ensino de estruturas rudimentares da l\u00edngua em detrimento de sua leitura e do estudo dos in\u00fameros g\u00eaneros discursivos que permeiam cada esfera de atividade humana. \u00c9 sabido que, para escrever bem, precisamos ler, ler muito, o que \u00e9 quase sempre imposs\u00edvel para esses \u00e1rduos trabalhadores do mercado condominial. O tempo \u00e9 escasso. O pouco dele que sobra dificilmente pode ser dedicado \u00e0 leitura. Compreendo, claro!<\/p>\n<p>Entretanto, apresento-lhes uma solu\u00e7\u00e3o: escrever com simplicidade! Nada melhor que um texto direto, em linguagem f\u00e1cil! As frases curtas e as palavras de uso cotidiano tornam a mensagem clara e de f\u00e1cil interpreta\u00e7\u00e3o. A comunica\u00e7\u00e3o escrita n\u00e3o \u00e9 fluida como a fala, mas podemos nos aproximar disso ao abrir m\u00e3o de uma pretensa formalidade e dar lugar \u00e0 simplicidade das pequenas frases, em sua objetividade, e das palavras conhecidas, que mitigar\u00e3o as chances de um erro gr\u00e1fico.<\/p>\n<p>Essa dica, ali\u00e1s, se aplica a tantas \u00e1reas do mercado de trabalho! N\u00e3o se enganem: a formalidade e a efetividade de uma mensagem residem na escolha de palavras e frases gentis e compreens\u00edveis, e n\u00e3o na \u201cescrita dif\u00edcil\u201d e falsamente rebuscada.<\/p>\n<p>Cec\u00edlia Egito \u00e9 professora e revisora de texto em L\u00edngua Portuguesa, com pr\u00e1tica nas duas atividades h\u00e1 quase duas d\u00e9cadas. Doutora em Estudos da Linguagem e mestre em Letras pela PUC-Rio, graduada em Letras pela UERJ<\/p>\n","protected":false},"excerpt":{"rendered":"<p>O PODER DAS FRASES SIMPLES Entrando e saindo de portarias e elevadores nos mais diversos condom\u00ednios, desde um<\/p>\n","protected":false},"author":1,"featured_media":0,"parent":0,"menu_order":0,"comment_status":"closed","ping_status":"closed","template":"elementor_header_footer","meta":{"footnotes":""},"class_list":["post-356","page","type-page","status-publish","hentry"],"_links":{"self":[{"href":"https:\/\/revistadoscondominios.com.br\/desenvolvimento\/wp-json\/wp\/v2\/pages\/356","targetHints":{"allow":["GET"]}}],"collection":[{"href":"https:\/\/revistadoscondominios.com.br\/desenvolvimento\/wp-json\/wp\/v2\/pages"}],"about":[{"href":"https:\/\/revistadoscondominios.com.br\/desenvolvimento\/wp-json\/wp\/v2\/types\/page"}],"author":[{"embeddable":true,"href":"https:\/\/revistadoscondominios.com.br\/desenvolvimento\/wp-json\/wp\/v2\/users\/1"}],"replies":[{"embeddable":true,"href":"https:\/\/revistadoscondominios.com.br\/desenvolvimento\/wp-json\/wp\/v2\/comments?post=356"}],"version-history":[{"count":0,"href":"https:\/\/revistadoscondominios.com.br\/desenvolvimento\/wp-json\/wp\/v2\/pages\/356\/revisions"}],"wp:attachment":[{"href":"https:\/\/revistadoscondominios.com.br\/desenvolvimento\/wp-json\/wp\/v2\/media?parent=356"}],"curies":[{"name":"wp","href":"https:\/\/api.w.org\/{rel}","templated":true}]}}