{"id":362,"date":"2021-11-11T16:32:30","date_gmt":"2021-11-11T16:32:30","guid":{"rendered":"https:\/\/revistadoscondominios.com.br\/nova\/?page_id=362"},"modified":"2021-11-11T16:32:30","modified_gmt":"2021-11-11T16:32:30","slug":"desempenho-e-lideranca","status":"publish","type":"page","link":"https:\/\/revistadoscondominios.com.br\/desenvolvimento\/desempenho-e-lideranca\/","title":{"rendered":"Uma Identidade em constru\u00e7\u00e3o"},"content":{"rendered":"<p><img loading=\"lazy\" decoding=\"async\" width=\"750\" height=\"240\" src=\"https:\/\/revistadoscondominios.com.br\/nova\/wp-content\/uploads\/2021\/11\/desempenho-e-lideranca-1024x328.png\" alt=\"\" loading=\"lazy\" srcset=\"https:\/\/revistadoscondominios.com.br\/nova\/wp-content\/uploads\/2021\/11\/desempenho-e-lideranca-1024x328.png 1024w, https:\/\/revistadoscondominios.com.br\/nova\/wp-content\/uploads\/2021\/11\/desempenho-e-lideranca-300x96.png 300w, https:\/\/revistadoscondominios.com.br\/nova\/wp-content\/uploads\/2021\/11\/desempenho-e-lideranca-768x246.png 768w, https:\/\/revistadoscondominios.com.br\/nova\/wp-content\/uploads\/2021\/11\/desempenho-e-lideranca.png 1172w\" sizes=\"auto, (max-width: 750px) 100vw, 750px\" \/><\/p>\n<h1>UMA IDENTIDADE EM CONSTRU\u00c7\u00c3O<\/h1>\n<p><style>\np.capit::first-letter {   font-size: 4rem;    font-weight: bold;   float: left;margin: -20px 10px -20px 0px;}<br \/><\/style>\n<\/p>\n<p>Para come\u00e7ar, primeiramente, me sinto muito feliz em fazer parte deste time que far\u00e1 da Revista dos Condom\u00ednios, um canal diferenciado de informa\u00e7\u00f5es e conhecimentos no meio condominial. Estou honrada pelo convite do Dr. Francisco Egito para integrar este time de colunistas de primeira e pela oportunidade de compartilhar ideias. Trazer minha percep\u00e7\u00e3o, meu prop\u00f3sito e poder ajudar a construir um mercado condominial reconhecido, fortalecido, valorizado, atrav\u00e9s de uma sindicatura qualificada, e contribuir com o desenvolvimento dos S\u00edndicos no Brasil, ser\u00e1 meu objetivo neste espa\u00e7o.<\/p>\n<p>Por aqui vamos falar desta figura fundamental nos condom\u00ednios: o S\u00edndico. Este ser\u00e1 um espa\u00e7o mais para provocar reflex\u00f5es do que trazer verdades absolutas. Um espa\u00e7o para olhar para aquele que tem tantas responsabilidades e muitas vezes pouca valoriza\u00e7\u00e3o. Que, s\u00f3 atrav\u00e9s de seu desenvolvimento profissional, construiremos um mercado fortalecido.<\/p>\n<p>Estamos, neste momento, construindo uma identidade. Uma identidade, principalmente, como S\u00edndicos Profissionais. Sim, aqueles que fazem disso seu meio e modo de sustento, que precisa de conhecimentos espec\u00edficos para atuar, presta um servi\u00e7o e troca seu tempo e conhecimento para resolver os problemas complexos de uma coletividade em troca de honor\u00e1rios. \u00c9 um profissional atuando em um mercado espec\u00edfico e deve se ver e ser visto como tal. Construir essa identidade parte de definirmos e entendermos realmente nosso papel, quais nossas atribui\u00e7\u00f5es (e o que n\u00e3o nos cabe), que conhecimentos s\u00e3o realmente necess\u00e1rios para desempenharmos e sermos competentes no que fazemos. Construir uma identidade significa ter claro como nos vemos, o que valorizamos, o que buscamos e tamb\u00e9m como somos vistos pela sociedade. Afinal, como nos vemos hoje? Como queremos ser vistos?<\/p>\n<p>Devido \u00e0 relev\u00e2ncia da fun\u00e7\u00e3o e do impacto social que produzimos, precisamos construir uma identidade baseada em conhecimentos embasados e valores s\u00f3lidos. Esse \u00e9 o \u00fanico caminho para n\u00e3o colocar a perder a valoriza\u00e7\u00e3o deste mercado em plena expans\u00e3o.<\/p>\n<p>Continuaremos falando sobre isso por aqui&#8230; Desempenho e Lideran\u00e7a s\u00e3o fundamentais!<\/p>\n<p>Um grande abra\u00e7o.<\/p>\n<p>Ariane Padilha \u00e9 professora, psic\u00f3loga, especialista em Gest\u00e3o de Recursos Humanos e Marketing, consultora e s\u00edndica profissional da Fator G Condom\u00ednios. Professora e coordenadora do curso de p\u00f3s-gradua\u00e7\u00e3o em Gest\u00e3o Condominial\/FAMAQUI.<\/p>\n","protected":false},"excerpt":{"rendered":"<p>UMA IDENTIDADE EM CONSTRU\u00c7\u00c3O Para come\u00e7ar, primeiramente, me sinto muito feliz em fazer parte deste time que far\u00e1<\/p>\n","protected":false},"author":1,"featured_media":0,"parent":0,"menu_order":0,"comment_status":"closed","ping_status":"closed","template":"elementor_header_footer","meta":{"footnotes":""},"class_list":["post-362","page","type-page","status-publish","hentry"],"_links":{"self":[{"href":"https:\/\/revistadoscondominios.com.br\/desenvolvimento\/wp-json\/wp\/v2\/pages\/362","targetHints":{"allow":["GET"]}}],"collection":[{"href":"https:\/\/revistadoscondominios.com.br\/desenvolvimento\/wp-json\/wp\/v2\/pages"}],"about":[{"href":"https:\/\/revistadoscondominios.com.br\/desenvolvimento\/wp-json\/wp\/v2\/types\/page"}],"author":[{"embeddable":true,"href":"https:\/\/revistadoscondominios.com.br\/desenvolvimento\/wp-json\/wp\/v2\/users\/1"}],"replies":[{"embeddable":true,"href":"https:\/\/revistadoscondominios.com.br\/desenvolvimento\/wp-json\/wp\/v2\/comments?post=362"}],"version-history":[{"count":0,"href":"https:\/\/revistadoscondominios.com.br\/desenvolvimento\/wp-json\/wp\/v2\/pages\/362\/revisions"}],"wp:attachment":[{"href":"https:\/\/revistadoscondominios.com.br\/desenvolvimento\/wp-json\/wp\/v2\/media?parent=362"}],"curies":[{"name":"wp","href":"https:\/\/api.w.org\/{rel}","templated":true}]}}