{"id":398,"date":"2021-11-11T17:20:34","date_gmt":"2021-11-11T17:20:34","guid":{"rendered":"https:\/\/revistadoscondominios.com.br\/nova\/?page_id=398"},"modified":"2021-11-11T17:20:34","modified_gmt":"2021-11-11T17:20:34","slug":"fala-sindico","status":"publish","type":"page","link":"https:\/\/revistadoscondominios.com.br\/desenvolvimento\/fala-sindico\/","title":{"rendered":"S\u00edndico: um novo olhar para uma gest\u00e3o exemplar"},"content":{"rendered":"<p><img loading=\"lazy\" decoding=\"async\" width=\"750\" height=\"241\" src=\"https:\/\/revistadoscondominios.com.br\/nova\/wp-content\/uploads\/2021\/11\/fala-sindico-1024x329.png\" alt=\"\" loading=\"lazy\" srcset=\"https:\/\/revistadoscondominios.com.br\/nova\/wp-content\/uploads\/2021\/11\/fala-sindico-1024x329.png 1024w, https:\/\/revistadoscondominios.com.br\/nova\/wp-content\/uploads\/2021\/11\/fala-sindico-300x96.png 300w, https:\/\/revistadoscondominios.com.br\/nova\/wp-content\/uploads\/2021\/11\/fala-sindico-768x247.png 768w, https:\/\/revistadoscondominios.com.br\/nova\/wp-content\/uploads\/2021\/11\/fala-sindico.png 1171w\" sizes=\"auto, (max-width: 750px) 100vw, 750px\" \/><\/p>\n<h1>S\u00cdNDICO: UM NOVO OLHAR PARA UMA GEST\u00c3O EXEMPLAR<\/h1>\n<p><style>\np.capit::first-letter {   font-size: 4rem;    font-weight: bold;   float: left;margin: -20px 10px -20px 0px;}<br \/><\/style>\n<\/p>\n<p>Estamos em uma nova era condominial, por isso \u00e9 necess\u00e1rio preparar-se para mudan\u00e7as na \u00e1rea. A imagem do s\u00edndico limitado n\u00e3o combina com o contexto atual totalmente tecnol\u00f3gico, interativo e informativo. O s\u00edndico preparado far\u00e1 a diferen\u00e7a no seu mandato, e consequentemente ter\u00e1 sucesso em sua jornada.<\/p>\n<p>Sabemos bem que o s\u00edndico precisa estar atento a prazos, relacionamento com pessoal, conhecimentos em diversas \u00e1reas do Direito, Engenharia, Administra\u00e7\u00e3o, Contabilidade, entre outros. Por\u00e9m, a proposta aqui \u00e9 colocar um olhar para o conhecimento que seja capaz de auxiliar o desenvolvimento de uma habilidade necess\u00e1ria que dar\u00e1 fundamento para que a gest\u00e3o aconte\u00e7a com MAESTRIA.<\/p>\n<p>As palavras \u201chumanizado\u201d e \u201cempatia\u201d nunca foram t\u00e3o utilizadas como em 2020, principalmente em meio a uma pandemia que literalmente abalou as estruturas previamente formatadas no mercado condominial. A vida estressante do s\u00edndico sempre foi vista e reconhecida, mas agora o tema ganhou import\u00e2ncia e relev\u00e2ncia.<\/p>\n<p>As rela\u00e7\u00f5es humanas foram testadas ao n\u00edvel m\u00e1ximo de tens\u00e3o dentro dos condom\u00ednios, com \u00edndices altos de suic\u00eddios, brigas dom\u00e9sticas, depress\u00e3o, ansiedade, entre outros. Fazendo com que o conhecimento sobre a mente e as emo\u00e7\u00f5es surgissem no mercado condominial.<\/p>\n<p>Por isso, o reconhecimento da engenharia da mente e das emo\u00e7\u00f5es, assim como tudo o que envolve a pr\u00e1tica da gest\u00e3o, foi um grande salto que vem corroborando com a vida do s\u00edndico. Essa compreens\u00e3o \u00e9 o que dar\u00e1 suporte para esse profissional absolutamente indispens\u00e1vel na vida condominial, contribuindo com sua sa\u00fade mental, psicol\u00f3gica e emocional em contrapartida a uma gest\u00e3o inteligente e harmoniosa junto aos cond\u00f4minos.<\/p>\n<p>Ent\u00e3o, convido voc\u00ea, profissional da \u00e1rea condominial, a fazer essa imers\u00e3o comigo atrav\u00e9s de meu livro, e ir al\u00e9m! Com uma experi\u00eancia fabulosa, espetacular, e que vai mudar sua vis\u00e3o de vida, de dentro para fora, ampliando de forma imperiosa a sua atua\u00e7\u00e3o na vida das pessoas!<\/p>\n<p>Karine Milles \u00e9 graduada em Administra\u00e7\u00e3o e p\u00f3s-graduada em Parapsicologia Cl\u00ednica. Empres\u00e1ria, palestrante e s\u00edndica. Escritora do livro \u201cA mente e as emo\u00e7\u00f5es do s\u00edndico moderno\u201d.<\/p>\n","protected":false},"excerpt":{"rendered":"<p>S\u00cdNDICO: UM NOVO OLHAR PARA UMA GEST\u00c3O EXEMPLAR Estamos em uma nova era condominial, por isso \u00e9 necess\u00e1rio<\/p>\n","protected":false},"author":1,"featured_media":0,"parent":0,"menu_order":0,"comment_status":"closed","ping_status":"closed","template":"elementor_header_footer","meta":{"footnotes":""},"class_list":["post-398","page","type-page","status-publish","hentry"],"_links":{"self":[{"href":"https:\/\/revistadoscondominios.com.br\/desenvolvimento\/wp-json\/wp\/v2\/pages\/398","targetHints":{"allow":["GET"]}}],"collection":[{"href":"https:\/\/revistadoscondominios.com.br\/desenvolvimento\/wp-json\/wp\/v2\/pages"}],"about":[{"href":"https:\/\/revistadoscondominios.com.br\/desenvolvimento\/wp-json\/wp\/v2\/types\/page"}],"author":[{"embeddable":true,"href":"https:\/\/revistadoscondominios.com.br\/desenvolvimento\/wp-json\/wp\/v2\/users\/1"}],"replies":[{"embeddable":true,"href":"https:\/\/revistadoscondominios.com.br\/desenvolvimento\/wp-json\/wp\/v2\/comments?post=398"}],"version-history":[{"count":0,"href":"https:\/\/revistadoscondominios.com.br\/desenvolvimento\/wp-json\/wp\/v2\/pages\/398\/revisions"}],"wp:attachment":[{"href":"https:\/\/revistadoscondominios.com.br\/desenvolvimento\/wp-json\/wp\/v2\/media?parent=398"}],"curies":[{"name":"wp","href":"https:\/\/api.w.org\/{rel}","templated":true}]}}