{"id":404,"date":"2021-11-11T17:24:57","date_gmt":"2021-11-11T17:24:57","guid":{"rendered":"https:\/\/revistadoscondominios.com.br\/nova\/?page_id=404"},"modified":"2021-11-11T17:24:57","modified_gmt":"2021-11-11T17:24:57","slug":"universidade-condominial","status":"publish","type":"page","link":"https:\/\/revistadoscondominios.com.br\/desenvolvimento\/universidade-condominial\/","title":{"rendered":"Viver em condom\u00ednios: \u201cs\u00f3 sei que nada sei\u201d"},"content":{"rendered":"<p><img loading=\"lazy\" decoding=\"async\" width=\"750\" height=\"237\" src=\"https:\/\/revistadoscondominios.com.br\/nova\/wp-content\/uploads\/2021\/11\/universidade-condominial-1024x323.png\" alt=\"\" loading=\"lazy\" srcset=\"https:\/\/revistadoscondominios.com.br\/nova\/wp-content\/uploads\/2021\/11\/universidade-condominial-1024x323.png 1024w, https:\/\/revistadoscondominios.com.br\/nova\/wp-content\/uploads\/2021\/11\/universidade-condominial-300x95.png 300w, https:\/\/revistadoscondominios.com.br\/nova\/wp-content\/uploads\/2021\/11\/universidade-condominial-768x242.png 768w, https:\/\/revistadoscondominios.com.br\/nova\/wp-content\/uploads\/2021\/11\/universidade-condominial.png 1172w\" sizes=\"auto, (max-width: 750px) 100vw, 750px\" \/><\/p>\n<h1>VIVER EM CONDOM\u00cdNIOS: \u201cS\u00d3 SEI QUE NADA SEI\u201d<\/h1>\n<p><style>\np.capit::first-letter {   font-size: 4rem;    font-weight: bold;   float: left;margin: -20px 10px -20px 0px;}<br \/><\/style>\n<\/p>\n<p>Iniciamos nosso di\u00e1logo destacando a frase \u201cs\u00f3 sei que nada sei\u201d, por vezes conhecida como paradoxo socr\u00e1tico, um indicativo de que \u00e9 s\u00e1bio conhecer a dimens\u00e3o da pr\u00f3pria ignor\u00e2ncia, e, em s\u00edntese, afirma que quanto mais aprendemos, mais \u00e9 preciso descobrir<\/p>\n<p>Em um mercado condominial o qual n\u00e3o se reconhece a profiss\u00e3o de s\u00edndico, nem um curso de forma\u00e7\u00e3o espec\u00edfico, \u00e9 importante buscar o conhecimento a fim de serem evitados erros grav\u00edssimos de gest\u00e3o.<\/p>\n<p>\u00c9 fundamental ter no\u00e7\u00f5es de administra\u00e7\u00e3o, gest\u00e3o financeira, administrativa e de pessoas, obras e inspe\u00e7\u00e3o predial. Tamb\u00e9m das diversas leis federais, estaduais e municipais que norteiam a constitui\u00e7\u00e3o e administra\u00e7\u00e3o de im\u00f3veis. Deve buscar o conhecimento na incorpora\u00e7\u00e3o, no parcelamento do solo urbano, na multipropriedade, na reurb de condom\u00ednios, sustentabilidade, plano diretor, compliance, LGPD, direito dos animais, media\u00e7\u00e3o de conflitos.<\/p>\n<p>Exercer a sindicatura exige dos profissionais deste mercado disponibilidade para a capacita\u00e7\u00e3o permanente, humildade e persist\u00eancia, al\u00e9m da exata compreens\u00e3o de que sabem muito pouco.<\/p>\n<p>\u00c9 necess\u00e1rio que os s\u00edndicos tenham a sensibilidade em aceitar que as normas s\u00e3o in\u00fameras, internas e externas, e que ainda devem observar as conven\u00e7\u00f5es, os regimentos internos, regulamentos construtivos e de \u00e1reas de lazer. Precisam ser s\u00e1bios e reconhecerem a necessidade de estudar, buscar o conhecimento e realizar uma gest\u00e3o profissional que beneficie a conviv\u00eancia entre os moradores e proporcione uma valoriza\u00e7\u00e3o patrimonial.<\/p>\n<p>H\u00e1 cursos livres e de p\u00f3s-gradua\u00e7\u00e3o na \u00e1rea imobili\u00e1ria e gest\u00e3o condominial. A oferta na forma\u00e7\u00e3o e capacita\u00e7\u00e3o dos s\u00edndicos fortalece o mercado e valoriza a atividade. A percep\u00e7\u00e3o de custo deve ser interpretada como investimento. \u00c9 necess\u00e1rio pelos formadores e formandos a aplicabilidade da rela\u00e7\u00e3o proposta por um dos \u00edcones da educa\u00e7\u00e3o brasileira, Paulo Freire, que defende que teoria e pr\u00e1tica embutidas de pr\u00e1xis s\u00e3o condi\u00e7\u00f5es primordiais para a forma\u00e7\u00e3o de sujeitos sens\u00edveis, emancipados, solid\u00e1rios e transformadores, t\u00e3o necess\u00e1rios para a sociedade e essenciais aos condom\u00ednios.<\/p>\n<p>Portanto, se conseguirmos compreender o verdadeiro significado da mensagem do fil\u00f3sofo S\u00f3crates, estaremos formando profissionais de excel\u00eancia para atuar na gest\u00e3o dos condom\u00ednios e, talvez, seja mais f\u00e1cil buscarmos o reconhecimento pelos cond\u00f4minos de uma gest\u00e3o eficiente e eficaz nos empreendimentos imobili\u00e1rios.<\/p>\n<p>Patr\u00edcia Pinheiro \u00e9 s\u00f3cia do escrit\u00f3rio Patr\u00edcia Pinheiro Sociedade de Advocacia. Especialista em Direito Notarial e Registral. Coordenadora e professora de cursos de p\u00f3s-gradua\u00e7\u00e3o em Direito Imobili\u00e1rio.<\/p>\n","protected":false},"excerpt":{"rendered":"<p>VIVER EM CONDOM\u00cdNIOS: \u201cS\u00d3 SEI QUE NADA SEI\u201d Iniciamos nosso di\u00e1logo destacando a frase \u201cs\u00f3 sei que nada<\/p>\n","protected":false},"author":1,"featured_media":0,"parent":0,"menu_order":0,"comment_status":"closed","ping_status":"closed","template":"elementor_header_footer","meta":{"footnotes":""},"class_list":["post-404","page","type-page","status-publish","hentry"],"_links":{"self":[{"href":"https:\/\/revistadoscondominios.com.br\/desenvolvimento\/wp-json\/wp\/v2\/pages\/404","targetHints":{"allow":["GET"]}}],"collection":[{"href":"https:\/\/revistadoscondominios.com.br\/desenvolvimento\/wp-json\/wp\/v2\/pages"}],"about":[{"href":"https:\/\/revistadoscondominios.com.br\/desenvolvimento\/wp-json\/wp\/v2\/types\/page"}],"author":[{"embeddable":true,"href":"https:\/\/revistadoscondominios.com.br\/desenvolvimento\/wp-json\/wp\/v2\/users\/1"}],"replies":[{"embeddable":true,"href":"https:\/\/revistadoscondominios.com.br\/desenvolvimento\/wp-json\/wp\/v2\/comments?post=404"}],"version-history":[{"count":0,"href":"https:\/\/revistadoscondominios.com.br\/desenvolvimento\/wp-json\/wp\/v2\/pages\/404\/revisions"}],"wp:attachment":[{"href":"https:\/\/revistadoscondominios.com.br\/desenvolvimento\/wp-json\/wp\/v2\/media?parent=404"}],"curies":[{"name":"wp","href":"https:\/\/api.w.org\/{rel}","templated":true}]}}