{"id":410,"date":"2021-11-11T17:28:18","date_gmt":"2021-11-11T17:28:18","guid":{"rendered":"https:\/\/revistadoscondominios.com.br\/nova\/?page_id=410"},"modified":"2021-11-11T17:28:18","modified_gmt":"2021-11-11T17:28:18","slug":"revista-condominios-informacao","status":"publish","type":"page","link":"https:\/\/revistadoscondominios.com.br\/desenvolvimento\/revista-condominios-informacao\/","title":{"rendered":"Revista dos Condom\u00ednios: informa\u00e7\u00e3o de qualidade do mercado condominial"},"content":{"rendered":"<h1>REVISTA DOS CONDOM\u00cdNIOS: INFORMA\u00c7\u00c3O DE QUALIDADE DO MERCADO CONDOMINIAL<\/h1>\n<p>UM NOVO CANAL PARA QUE TODOS OS PRESTADORES DE SERVI\u00c7OS TENHAM INFORMA\u00c7\u00d5ES SOBRE COMO LIDAR COM PROBLEMAS COTIDIANOS<\/p>\n<p>\t\t\t\t\t\t\t\t\t\t\t\t\t\t\t<img loading=\"lazy\" decoding=\"async\" width=\"375\" height=\"500\" src=\"https:\/\/revistadoscondominios.com.br\/nova\/wp-content\/uploads\/2021\/11\/Francisco-Egito1.png\" alt=\"\" loading=\"lazy\" srcset=\"https:\/\/revistadoscondominios.com.br\/nova\/wp-content\/uploads\/2021\/11\/Francisco-Egito1.png 375w, https:\/\/revistadoscondominios.com.br\/nova\/wp-content\/uploads\/2021\/11\/Francisco-Egito1-225x300.png 225w\" sizes=\"auto, (max-width: 375px) 100vw, 375px\" \/><\/p>\n<p><style>\np.capit::first-letter {   font-size: 4rem;    font-weight: bold;   float: left;margin: -20px 10px -20px 0px;}<br \/><\/style>\n<\/p>\n<p>Omercado dos condom\u00ednios \u00e9 gigante, possui vida pr\u00f3pria e muitas necessidades e car\u00eancias. Uma das principais delas, a de um ve\u00edculo de comunica\u00e7\u00e3o que traga informa\u00e7\u00e3o de qualidade, de forma plural e que ajude cada vez mais na qualifica\u00e7\u00e3o do mercado e dos profissionais que nele atuam, sendo um bra\u00e7o direito para os s\u00edndicos.<\/p>\n<p>Para suprir essa demanda, surge a REVISTA DOS CONDOM\u00cdNIOS, que, dentre outras fun\u00e7\u00f5es, tem a fun\u00e7\u00e3o de disseminar conhecimento, boas pr\u00e1ticas do mercado, mostrar produtos e servi\u00e7os \u00fateis e conectar, por meio de m\u00faltiplos canais digitais, todos os agentes desse setor, rompendo barreiras, inclusive geogr\u00e1ficas, pois re\u00fane um naipe de colaboradores e articulistas multidisciplinares de todas as regi\u00f5es do pa\u00eds.<\/p>\n<p>\u201cA REVISTA DOS CONDOM\u00cdNIOS ser\u00e1, acima de tudo, um canal para que todos os prestadores de servi\u00e7os tenham informa\u00e7\u00f5es sobre como lidar com problemas cotidianos e que possam fazer um interc\u00e2mbio de informa\u00e7\u00f5es. Ser\u00e1 um instrumento rico, um peri\u00f3dico eletr\u00f4nico mensal acompanhado de diversos canais de informa\u00e7\u00e3o digitais\u201d, afirmou Francisco Egito, diretor da revista e advogado especializado em Direito Imobili\u00e1rio, administrador e contador.<\/p>\n<p>Outro grande diferencial da revista ser\u00e1 o p\u00fablico que ela vai alcan\u00e7ar. \u201cTodos os prestadores de servi\u00e7o que atuam num condom\u00ednio receber\u00e3o dados e conhecimentos de especialistas. Com isso, n\u00e3o apenas os s\u00edndicos, como tamb\u00e9m advogados, engenheiros, contadores e tantos outros profissionais que trabalham naquele ambiente, v\u00e3o encontrar conte\u00fado informativo e informa\u00e7\u00f5es t\u00e9cnicas, evitando assim o escalonamento de problemas\u201d, acrescenta Egito, que \u00e9 presidente da Comiss\u00e3o de Direito Condominial da OAB Niter\u00f3i e da ABA RJ.<\/p>\n<p>A parte de forma\u00e7\u00e3o dos profissionais do mercado tamb\u00e9m ser\u00e1 contemplada, com informa\u00e7\u00f5es sobre cursos e capacita\u00e7\u00f5es, visando sempre \u00e0 qualifica\u00e7\u00e3o dos profissionais do mercado condominial. Isso ser\u00e1 poss\u00edvel gra\u00e7as aos colunistas da revista. Para compartilhar esse conhecimento, s\u00edndicos que vivem conflitos e desafios condominiais e mediadores que passaram por quest\u00f5es pr\u00f3prias trar\u00e3o um olhar diferente para os leitores. Al\u00e9m deles, colunistas da \u00e1rea jur\u00eddica e professores tamb\u00e9m est\u00e3o presentes, numa diversidade que agrega muito valor \u00e0 revista.<\/p>\n<p>\u201cOs professores responder\u00e3o \u00e0s perguntas e tratar\u00e3o de quest\u00f5es relativas ao uso dos condom\u00ednios de forma geral, quest\u00f5es sobre regulamentos, conven\u00e7\u00f5es, assembleias, tributos, \u00e1reas de lazer, inadimpl\u00eancia, enfim, o objetivo \u00e9 dar orienta\u00e7\u00e3o jur\u00eddica de qualidade sobre problemas e aplica\u00e7\u00f5es de normas nos condom\u00ednios\u201d, afirma Francisco Egito, que tamb\u00e9m \u00e9 diretor do Curso Aprimora e do Centro Brasileiro de Estudos e Pesquisas Jur\u00eddicas (CBEPJUR).<\/p>\n<p>Outro aspecto importante \u00e9 que a REVISTA DOS CONDOM\u00cdNIOS preza pela participa\u00e7\u00e3o de todos, por isso ter\u00e1 espa\u00e7o para que as vozes, geralmente esquecidas de funcion\u00e1rios, tamb\u00e9m possam ser ouvidas, al\u00e9m da colabora\u00e7\u00e3o permanente e valiosa de cond\u00f4minos e moradores.<\/p>\n","protected":false},"excerpt":{"rendered":"<p>REVISTA DOS CONDOM\u00cdNIOS: INFORMA\u00c7\u00c3O DE QUALIDADE DO MERCADO CONDOMINIAL UM NOVO CANAL PARA QUE TODOS OS PRESTADORES DE<\/p>\n","protected":false},"author":1,"featured_media":0,"parent":0,"menu_order":0,"comment_status":"closed","ping_status":"closed","template":"elementor_header_footer","meta":{"footnotes":""},"class_list":["post-410","page","type-page","status-publish","hentry"],"_links":{"self":[{"href":"https:\/\/revistadoscondominios.com.br\/desenvolvimento\/wp-json\/wp\/v2\/pages\/410","targetHints":{"allow":["GET"]}}],"collection":[{"href":"https:\/\/revistadoscondominios.com.br\/desenvolvimento\/wp-json\/wp\/v2\/pages"}],"about":[{"href":"https:\/\/revistadoscondominios.com.br\/desenvolvimento\/wp-json\/wp\/v2\/types\/page"}],"author":[{"embeddable":true,"href":"https:\/\/revistadoscondominios.com.br\/desenvolvimento\/wp-json\/wp\/v2\/users\/1"}],"replies":[{"embeddable":true,"href":"https:\/\/revistadoscondominios.com.br\/desenvolvimento\/wp-json\/wp\/v2\/comments?post=410"}],"version-history":[{"count":0,"href":"https:\/\/revistadoscondominios.com.br\/desenvolvimento\/wp-json\/wp\/v2\/pages\/410\/revisions"}],"wp:attachment":[{"href":"https:\/\/revistadoscondominios.com.br\/desenvolvimento\/wp-json\/wp\/v2\/media?parent=410"}],"curies":[{"name":"wp","href":"https:\/\/api.w.org\/{rel}","templated":true}]}}