{"id":419,"date":"2021-11-11T17:44:12","date_gmt":"2021-11-11T17:44:12","guid":{"rendered":"https:\/\/revistadoscondominios.com.br\/nova\/?page_id=419"},"modified":"2021-11-11T17:44:12","modified_gmt":"2021-11-11T17:44:12","slug":"editorial-01","status":"publish","type":"page","link":"https:\/\/revistadoscondominios.com.br\/desenvolvimento\/editorial-01\/","title":{"rendered":"Condom\u00ednios: Onde a Vida Pulsa"},"content":{"rendered":"<h1>CONDOM\u00cdNIOS: ONDE A VIDA PULSA<\/h1>\n<p>MARIO BRIZON<\/p>\n<p><style>\np.capit::first-letter {   font-size: 4rem;    font-weight: bold;   float: left;margin: -20px 10px -20px 0px;}<br \/><\/style>\n<\/p>\n<p>Se o mundo mudou, a vida nos condom\u00ednios tamb\u00e9m. Ela agora pulsa ainda mais forte do que antes. Se a nossa resid\u00eancia era o grande ref\u00fagio, ela agora est\u00e1 definitivamente integrada a outras vari\u00e1veis, como o trabalho em home office.<\/p>\n<p>Esse ambiente passou a receber centenas de entregadores dos mais diversos tipos de produtos e agregou tamb\u00e9m prestadores de servi\u00e7os e atividades que antes n\u00e3o faziam parte desse universo.<\/p>\n<p>Sobre os s\u00edndicos e administradores condominiais recaiu uma responsabilidade crescente, tendo em vista o volume muito maior de demandas e de pessoas que agora utilizam n\u00e3o apenas seu pr\u00f3prio apartamento ou casa, mas tamb\u00e9m exploram muito mais as \u00e1reas comuns.<\/p>\n<p>A REVISTA DOS CONDOM\u00cdNIOS surge para suprir uma lacuna marcante no setor: a da informa\u00e7\u00e3o plural e de qualidade para todos os atores que fazem parte deste universo, desde o morador ou cond\u00f4mino, passando pelos funcion\u00e1rios, prestadores, s\u00edndicos e toda cadeia que abastece, fornece servi\u00e7os e tamb\u00e9m se nutre dos condom\u00ednios.<\/p>\n<p>Nenhuma outra publica\u00e7\u00e3o deste mercado ousou reunir um naipe do mais alto gabarito de colunistas e articulistas, de todas as regi\u00f5es do pa\u00eds, para oferecer informa\u00e7\u00f5es, dicas e conhecimento relevante, a fim de qualificar e fortalecer cada vez mais os condom\u00ednios.<\/p>\n<p>Desfrute da nossa revista. Ela \u00e9 feita com carinho e profissionalismo para todos que, de alguma forma, vivem o universo dos condom\u00ednios.<\/p>\n<p>Participe! Este \u00e9 um espa\u00e7o para voc\u00ea se expressar e fazer com que suas pautas sejam percebidas. Sinta-se representado!<\/p>\n","protected":false},"excerpt":{"rendered":"<p>CONDOM\u00cdNIOS: ONDE A VIDA PULSA MARIO BRIZON Se o mundo mudou, a vida nos condom\u00ednios tamb\u00e9m. Ela agora<\/p>\n","protected":false},"author":1,"featured_media":0,"parent":0,"menu_order":0,"comment_status":"closed","ping_status":"closed","template":"elementor_header_footer","meta":{"footnotes":""},"class_list":["post-419","page","type-page","status-publish","hentry"],"_links":{"self":[{"href":"https:\/\/revistadoscondominios.com.br\/desenvolvimento\/wp-json\/wp\/v2\/pages\/419","targetHints":{"allow":["GET"]}}],"collection":[{"href":"https:\/\/revistadoscondominios.com.br\/desenvolvimento\/wp-json\/wp\/v2\/pages"}],"about":[{"href":"https:\/\/revistadoscondominios.com.br\/desenvolvimento\/wp-json\/wp\/v2\/types\/page"}],"author":[{"embeddable":true,"href":"https:\/\/revistadoscondominios.com.br\/desenvolvimento\/wp-json\/wp\/v2\/users\/1"}],"replies":[{"embeddable":true,"href":"https:\/\/revistadoscondominios.com.br\/desenvolvimento\/wp-json\/wp\/v2\/comments?post=419"}],"version-history":[{"count":0,"href":"https:\/\/revistadoscondominios.com.br\/desenvolvimento\/wp-json\/wp\/v2\/pages\/419\/revisions"}],"wp:attachment":[{"href":"https:\/\/revistadoscondominios.com.br\/desenvolvimento\/wp-json\/wp\/v2\/media?parent=419"}],"curies":[{"name":"wp","href":"https:\/\/api.w.org\/{rel}","templated":true}]}}