{"id":472,"date":"2021-11-11T20:26:34","date_gmt":"2021-11-11T20:26:34","guid":{"rendered":"https:\/\/revistadoscondominios.com.br\/nova\/?page_id=472"},"modified":"2021-11-11T20:26:34","modified_gmt":"2021-11-11T20:26:34","slug":"maus-tratos-contra-pets","status":"publish","type":"page","link":"https:\/\/revistadoscondominios.com.br\/desenvolvimento\/maus-tratos-contra-pets\/","title":{"rendered":"Maus-tratos contra pets"},"content":{"rendered":"<h1>MAUS-TRATOS CONTRA PETS<\/h1>\n<p>LEGISLA\u00c7\u00c3O OBRIGA S\u00cdNDICOS A DENUNCIAREM<\/p>\n<p>\u00a0\u00a0<br \/>\n\t\t\t\t\t\t\t\t\t\t\t\t\t\t\t<img loading=\"lazy\" decoding=\"async\" width=\"443\" height=\"500\" src=\"https:\/\/revistadoscondominios.com.br\/nova\/wp-content\/uploads\/2021\/11\/hugo_costa.png\" alt=\"\" loading=\"lazy\" srcset=\"https:\/\/revistadoscondominios.com.br\/nova\/wp-content\/uploads\/2021\/11\/hugo_costa.png 443w, https:\/\/revistadoscondominios.com.br\/nova\/wp-content\/uploads\/2021\/11\/hugo_costa-266x300.png 266w\" sizes=\"auto, (max-width: 443px) 100vw, 443px\" \/><\/p>\n<p><style>\np.capit::first-letter {   font-size: 4rem;    font-weight: bold;   float: left;margin: -20px 10px -20px 0px;}<br \/><\/style>\n<\/p>\n<p>De acordo com dados do Instituto Brasileiro de Geografia e Estat\u00edstica (IBGE), 62% dos lares do pa\u00eds contam com pelo menos um gato ou um cachorro, mas apenas recentemente os bichos de estima\u00e7\u00e3o ou pets t\u00eam recebido amparo legal, especialmente em rela\u00e7\u00e3o a abusos, ganhando verdadeiro destaque nacional com a cria\u00e7\u00e3o da Lei Federal 1.095\/2019, que aumentou a puni\u00e7\u00e3o \u00e0queles que causarem qualquer tipo de ferimento intencional em animais.<\/p>\n<p>Hugo da Costa, advogado atuante no segmento condominial, especialista no assunto e presidente do Instituto Nacional de Direito Condominial, explica que essa conquista abriu caminho para a san\u00e7\u00e3o, no Distrito Federal, da Lei n\u00b0 6.810, de 02 de fevereiro de 2021, a qual obriga a todos os s\u00edndicos e administradores de condom\u00ednios do DF que presenciarem ou tiverem ind\u00edcios de maus-tratos, abusos, ferimentos ou mutila\u00e7\u00e3o de animais silvestres, dom\u00e9sticos ou domesticados, Legisla\u00e7\u00e3o obriga s\u00edndicos a denunciarem nativos ou ex\u00f3ticos, a comunicarem os casos \u00e0 Pol\u00edcia Civil, em at\u00e9 24 horas. O condom\u00ednio que descumprir a medida pode ser multado em at\u00e9 40 (quarenta) sal\u00e1rios m\u00ednimos.<\/p>\n<p>O intuito dessas bandeiras \u00e9 a prote\u00e7\u00e3o dos pets contra os abusos e, nesse sentido, o munic\u00edpio do Rio de Janeiro foi pioneiro, com a aprova\u00e7\u00e3o na C\u00e2mara dos Vereadores do Projeto de Lei 1\/2021, que passa a obrigar os condom\u00ednios a comunicarem, em at\u00e9 24 horas, casos de maus-tratos a animais. A proposta prev\u00ea aplica\u00e7\u00e3o de multa.<\/p>\n<p>Costa espera que os demais munic\u00edpios fluminenses e outros em todo o pa\u00eds tamb\u00e9m adotem essa legisla\u00e7\u00e3o. Mas ele alerta que \u00e9 preciso ter certo cuidado.<\/p>\n<p>\u201c\u00c9 bem prov\u00e1vel que v\u00e1rios outros munic\u00edpios criem essa obriga\u00e7\u00e3o aos s\u00edndicos de denunciarem maus-tratos, e sem d\u00favida todo esse movimento visa a proteger os pets contra abusos, contudo as principais cr\u00edticas a essa bandeira s\u00e3o o fato de utilizarem, na maioria das vezes, a \u2018amea\u00e7a\u2019 de multa para incentivarem a den\u00fancia, al\u00e9m de criarem mais uma obriga\u00e7\u00e3o a essa figura t\u00e3o sobrecarregada de responsabilidades e obriga\u00e7\u00f5es, o s\u00edndico\u201d, conclui.<\/p>\n","protected":false},"excerpt":{"rendered":"<p>MAUS-TRATOS CONTRA PETS LEGISLA\u00c7\u00c3O OBRIGA S\u00cdNDICOS A DENUNCIAREM \u00a0\u00a0 De acordo com dados do Instituto Brasileiro de Geografia<\/p>\n","protected":false},"author":1,"featured_media":0,"parent":0,"menu_order":0,"comment_status":"closed","ping_status":"closed","template":"elementor_header_footer","meta":{"footnotes":""},"class_list":["post-472","page","type-page","status-publish","hentry"],"_links":{"self":[{"href":"https:\/\/revistadoscondominios.com.br\/desenvolvimento\/wp-json\/wp\/v2\/pages\/472","targetHints":{"allow":["GET"]}}],"collection":[{"href":"https:\/\/revistadoscondominios.com.br\/desenvolvimento\/wp-json\/wp\/v2\/pages"}],"about":[{"href":"https:\/\/revistadoscondominios.com.br\/desenvolvimento\/wp-json\/wp\/v2\/types\/page"}],"author":[{"embeddable":true,"href":"https:\/\/revistadoscondominios.com.br\/desenvolvimento\/wp-json\/wp\/v2\/users\/1"}],"replies":[{"embeddable":true,"href":"https:\/\/revistadoscondominios.com.br\/desenvolvimento\/wp-json\/wp\/v2\/comments?post=472"}],"version-history":[{"count":0,"href":"https:\/\/revistadoscondominios.com.br\/desenvolvimento\/wp-json\/wp\/v2\/pages\/472\/revisions"}],"wp:attachment":[{"href":"https:\/\/revistadoscondominios.com.br\/desenvolvimento\/wp-json\/wp\/v2\/media?parent=472"}],"curies":[{"name":"wp","href":"https:\/\/api.w.org\/{rel}","templated":true}]}}