{"id":497,"date":"2021-11-11T21:08:43","date_gmt":"2021-11-11T21:08:43","guid":{"rendered":"https:\/\/revistadoscondominios.com.br\/nova\/?page_id=497"},"modified":"2021-11-11T21:08:43","modified_gmt":"2021-11-11T21:08:43","slug":"gestao-humanizada-afinal-o-que-e-isso","status":"publish","type":"page","link":"https:\/\/revistadoscondominios.com.br\/desenvolvimento\/gestao-humanizada-afinal-o-que-e-isso\/","title":{"rendered":"Gest\u00e3o humanizada: afinal, o que \u00e9 isso?"},"content":{"rendered":"<h1>GEST\u00c3O HUMANIZADA: AFINAL, O QUE \u00c9 ISSO?<\/h1>\n<p>PRINCIPAL OBJETIVO \u00c9 APROXIMAR OU REAPROXIMAR S\u00cdNDICOS E GESTORES DOS COND\u00d4MINOS<\/p>\n<p>\u00a0\u00a0<br \/>\n\t\t\t\t\t\t\t\t\t\t\t\t\t\t\t<img loading=\"lazy\" decoding=\"async\" width=\"446\" height=\"500\" src=\"https:\/\/revistadoscondominios.com.br\/nova\/wp-content\/uploads\/2021\/11\/Maria-Eusa-Alvarenga.png\" alt=\"\" loading=\"lazy\" srcset=\"https:\/\/revistadoscondominios.com.br\/nova\/wp-content\/uploads\/2021\/11\/Maria-Eusa-Alvarenga.png 446w, https:\/\/revistadoscondominios.com.br\/nova\/wp-content\/uploads\/2021\/11\/Maria-Eusa-Alvarenga-268x300.png 268w\" sizes=\"auto, (max-width: 446px) 100vw, 446px\" \/><\/p>\n<p><style>\np.capit::first-letter {   font-size: 4rem;    font-weight: bold;   float: left;margin: -20px 10px -20px 0px;}<br \/><\/style>\n<\/p>\n<p>N\u00e3o \u00e9 incomum no meio condominial que propriet\u00e1rios e gestores tenham uma rela\u00e7\u00e3o minimamente conturbada. De um lado, os cond\u00f4minos que, \u00e0s vezes, n\u00e3o respeitam normas predefinidas e n\u00e3o est\u00e3o totalmente alinhados com os deveres de um indiv\u00edduo dentro de um condom\u00ednio. Do outro, os s\u00edndicos que, n\u00e3o raro, est\u00e3o ocupando o cargo porque n\u00e3o havia outra pessoa para tal e, com isso, acaba n\u00e3o levando em considera\u00e7\u00e3o pedidos que poderiam melhorar a qualidade de vida dentro daquele local.<\/p>\n<p>Contudo, existe um novo m\u00e9todo de gest\u00e3o que est\u00e1 ganhando cada vez mais espa\u00e7o nesse meio: a gest\u00e3o humanizada, que tem como principal objetivo aproximar ou ent\u00e3o reaproximar gestores e cond\u00f4minos. A advogada, contadora e s\u00edndica profissional Maria Eusa, diretora do Grupo D&#8217;Paula, \u00e9 especializada em solu\u00e7\u00f5es para condom\u00ednios e explica algumas etapas dessa nova iniciativa.<\/p>\n<p>Para ela \u00e9 obrigat\u00f3rio, primeiro, entender o contexto atual. \u201cO comportamento das pessoas vem se transformando de forma acelerada com o uso da tecnologia, sobretudo as pessoas se escondem atr\u00e1s de uma tela, e n\u00e3o temos mais controle de suas rea\u00e7\u00f5es\u201d, diz.<\/p>\n<p>Para tanto, Maria Eusa destaca que \u00e9 preciso colocar em pr\u00e1tica os tr\u00eas pilares da gest\u00e3o condominial:<\/p>\n<ol>\n<li>Observar as pessoas: observar \u00e9 fundamental para conhecer a personalidade de cada condom\u00ednio e entender a necessidade de cada um e assim implementar uma gest\u00e3o humanizada.<\/li>\n<p><\/p>\n<li>\nCriar la\u00e7os: ter um bom relacionamento, bem como estabelecer uma rela\u00e7\u00e3o de confian\u00e7a com todos os envolvidos.\n<\/li>\n<p><\/p>\n<li>\nEstar sempre aberto a mudan\u00e7as: condom\u00ednio \u00e9 constitu\u00eddo por diversas pessoas de personalidades e pensamentos diferentes. Os gestores precisam ter habilidade humanizada para lidar com cada pessoa e adaptar com o conv\u00edvio de cada um.\n<\/li>\n<\/ol>\n<p>Com isso, tamb\u00e9m \u00e9 importante ressaltar como a maioria dos problemas pode se resolver por meio de uma conversa direta e clara entre as partes, levando em considera\u00e7\u00e3o a opini\u00e3o de cada uma delas.<\/p>\n<p>Tendo em vista essas caracter\u00edsticas, a gest\u00e3o humanizada visa a assegurar uma melhor conviv\u00eancia dentro do ambiente condominial. A especialista afirma tamb\u00e9m que ser mais humano na hora de resolver problemas n\u00e3o implica no descumprimento das regras e normas.<\/p>\n<p>Conscientiza\u00e7\u00e3o \u00e9 a palavra- -chave para sensibilizar todos os atores do condom\u00ednio: \u201cdiante do exposto, n\u00e3o iremos deixar de cumprir as regras, mas devemos mostrar a import\u00e2ncia de cada uma delas e conscientizar sobre a import\u00e2ncia desta regra, seja Conven\u00e7\u00e3o de Condom\u00ednio ou Regulamento Interno e at\u00e9 mesmo as Assembleias, pois assim teremos um ambiente mais leve e, como retorno, obteremos qualidade de vida e valoriza\u00e7\u00e3o patrimonial dos im\u00f3veis.\u201d, finaliza.<\/p>\n","protected":false},"excerpt":{"rendered":"<p>GEST\u00c3O HUMANIZADA: AFINAL, O QUE \u00c9 ISSO? PRINCIPAL OBJETIVO \u00c9 APROXIMAR OU REAPROXIMAR S\u00cdNDICOS E GESTORES DOS COND\u00d4MINOS<\/p>\n","protected":false},"author":1,"featured_media":0,"parent":0,"menu_order":0,"comment_status":"closed","ping_status":"closed","template":"elementor_header_footer","meta":{"footnotes":""},"class_list":["post-497","page","type-page","status-publish","hentry"],"_links":{"self":[{"href":"https:\/\/revistadoscondominios.com.br\/desenvolvimento\/wp-json\/wp\/v2\/pages\/497","targetHints":{"allow":["GET"]}}],"collection":[{"href":"https:\/\/revistadoscondominios.com.br\/desenvolvimento\/wp-json\/wp\/v2\/pages"}],"about":[{"href":"https:\/\/revistadoscondominios.com.br\/desenvolvimento\/wp-json\/wp\/v2\/types\/page"}],"author":[{"embeddable":true,"href":"https:\/\/revistadoscondominios.com.br\/desenvolvimento\/wp-json\/wp\/v2\/users\/1"}],"replies":[{"embeddable":true,"href":"https:\/\/revistadoscondominios.com.br\/desenvolvimento\/wp-json\/wp\/v2\/comments?post=497"}],"version-history":[{"count":0,"href":"https:\/\/revistadoscondominios.com.br\/desenvolvimento\/wp-json\/wp\/v2\/pages\/497\/revisions"}],"wp:attachment":[{"href":"https:\/\/revistadoscondominios.com.br\/desenvolvimento\/wp-json\/wp\/v2\/media?parent=497"}],"curies":[{"name":"wp","href":"https:\/\/api.w.org\/{rel}","templated":true}]}}