{"id":567,"date":"2021-11-12T00:11:23","date_gmt":"2021-11-12T00:11:23","guid":{"rendered":"https:\/\/revistadoscondominios.com.br\/nova\/?page_id=567"},"modified":"2021-11-12T00:11:23","modified_gmt":"2021-11-12T00:11:23","slug":"respeito-e-bom-e-eles-gostam","status":"publish","type":"page","link":"https:\/\/revistadoscondominios.com.br\/desenvolvimento\/respeito-e-bom-e-eles-gostam\/","title":{"rendered":"Respeito \u00e9 bom e eles gostam!"},"content":{"rendered":"<h1>RESPEITO \u00c9 BOM E ELES GOSTAM!<\/h1>\n<p>CUIDADOS E RECOMENDA\u00c7\u00d5ES DEVEM GARANTIR A ACESSIBILIDADE E A SEGURAN\u00c7A DE PESSOAS DA TERCEIRA IDADE NOS CONDOM\u00cdNIOS<\/p>\n<p>\u00a0<br \/>\n\t\t\t\t\t\t\t\t\t\t\t\t\t\t\t<img loading=\"lazy\" decoding=\"async\" width=\"324\" height=\"500\" src=\"https:\/\/revistadoscondominios.com.br\/nova\/wp-content\/uploads\/2021\/11\/Rose-Ferreira.png\" alt=\"\" loading=\"lazy\" srcset=\"https:\/\/revistadoscondominios.com.br\/nova\/wp-content\/uploads\/2021\/11\/Rose-Ferreira.png 324w, https:\/\/revistadoscondominios.com.br\/nova\/wp-content\/uploads\/2021\/11\/Rose-Ferreira-194x300.png 194w\" sizes=\"auto, (max-width: 324px) 100vw, 324px\" \/><\/p>\n<p><style>\np.capit::first-letter {   font-size: 4rem;    font-weight: bold;   float: left;margin: -20px 10px -20px 0px;}<br \/><\/style>\n<\/p>\n<p>Diante do aumento significativo da expectativa de vida do brasileiro do s\u00e9culo passado para este, tendo em vista que em 2019 o n\u00famero de idosos chegou \u00e0 marca de 32,9 milh\u00f5es, superando o n\u00famero de crian\u00e7as com idade at\u00e9 9 anos, as condi\u00e7\u00f5es de acessibilidade e cuidados para essa faixa et\u00e1ria da popula\u00e7\u00e3o n\u00e3o cresceu na mesma propor\u00e7\u00e3o, tanto assim que muitos deles acabam sendo v\u00edtimas de acidentes por conta de algumas armadilhas presentes nos condom\u00ednios, como por exemplo ilumina\u00e7\u00e3o prec\u00e1ria, piso escorregadio, aus\u00eancia de rampas, falta de sinaliza\u00e7\u00e3o adequada e de corrim\u00e3os. Problema que pode ocorrer inclusive em suas pr\u00f3prias resid\u00eancias.<\/p>\n<p>De acordo com a advogada especialista em terceira idade e acessibilidade de condom\u00ednios Rose Ferreira, os idosos precisam de cuidados especiais para que n\u00e3o estejam sujeitos aos riscos em situa\u00e7\u00f5es b\u00e1sicas do cotidiano, garantindo a mobilidade com seguran\u00e7a e respeito. Nesse sentido, dentre a lista de mudan\u00e7as que c o n d o m \u00ed n i o s precisam adotar, alguns dos principais s\u00e3o: projetos de ilumina\u00e7\u00e3o, escolha adequada de mobili\u00e1rio, cuidado na ado\u00e7\u00e3o de cores que permitam os contrastes necess\u00e1rios para prevenir quedas, esse um dos maiores riscos \u00e0s pessoas da terceira idade, al\u00e9m de treinamento de funcion\u00e1rios que precisam estar atentos para agir de forma segura e preventiva.<\/p>\n<p>Segundo ela, mais de 9,6 milh\u00f5es de pessoas a partir dos 60 anos sofrem com quedas por ano, enquanto entre aqueles com mais de 80 anos esse n\u00famero supera os 2,1 milh\u00f5es. Ambos os dados s\u00e3o alarmantes.<\/p>\n<p>\u201cEu percebo que muitos s\u00edndicos e muitas administradoras de condom\u00ednios ainda acham que acessibilidade \u00e9 construir rampas\u201d, enfatiza Rose. \u201cEssa \u00e9 uma ideia completamente equivocada, pois a acessibilidade no ambiente condominial \u00e9 um estudo amplo de todo o espa\u00e7o\u201d, completa a advogada, que presenciou de perto como o processo de envelhecimento do av\u00f4 afetou n\u00e3o s\u00f3 a pr\u00f3pria vida dele, como de todos ao seu redor.<\/p>\n<p>Com toda essa bagagem pessoal e de posse de dados preocupantes, Rose Ferreira virou uma defensora da terceira idade e acabou criando os selos \u201cCondom\u00ednio amigo do Idoso\u201d e \u201cEmpresa amiga do idoso\u201d. Amparada pelo Estatuto do Idoso (Lei 10.741\/2003 e pela Lei 10.098\/2000 (Lei da Acessibilidade), al\u00e9m da Norma T\u00e9cnica 9050 da Associa\u00e7\u00e3o Brasileira de Normas e T\u00e9cnicas (ABNT), ela garante aos idosos uma qualidade de vida maior e prop\u00f5e que, inclusive os pr\u00e9dios mais antigos precisam passar por reformas para que possam atender esse p\u00fablico e, caso n\u00e3o seja feito, os condom\u00ednios poder\u00e3o arcar com \u201cperdas financeiras substanciais\u201d, diz. Ela alerta tamb\u00e9m que em muitos edif\u00edcios antigos as adapta\u00e7\u00f5es para promover uma maior acessibilidade \u201cs\u00e3o simplesmente imposs\u00edveis do ponto de vista f\u00edsico\u201d.<\/p>\n<p>A iniciativa, por\u00e9m, n\u00e3o funciona apenas como uma forma de proteger a terceira idade de situa\u00e7\u00f5es potencialmente catastr\u00f3ficas, mas tamb\u00e9m como maneira de conscientizar aqueles que buscam entender como \u00e9 poss\u00edvel e prazeroso ter contato com a terceira idade. Por meio de parcerias com o Aprimora e o CBEPJUR, s\u00e3o desenvolvidos cursos sobre a import\u00e2ncia dessas adapta\u00e7\u00f5es e da acessibilidade junto a profissionais de diversas \u00e1reas, tudo, claro, em fun\u00e7\u00e3o de uma vida melhor para os idosos.<\/p>\n","protected":false},"excerpt":{"rendered":"<p>RESPEITO \u00c9 BOM E ELES GOSTAM! CUIDADOS E RECOMENDA\u00c7\u00d5ES DEVEM GARANTIR A ACESSIBILIDADE E A SEGURAN\u00c7A DE PESSOAS<\/p>\n","protected":false},"author":1,"featured_media":0,"parent":0,"menu_order":0,"comment_status":"closed","ping_status":"closed","template":"elementor_header_footer","meta":{"footnotes":""},"class_list":["post-567","page","type-page","status-publish","hentry"],"_links":{"self":[{"href":"https:\/\/revistadoscondominios.com.br\/desenvolvimento\/wp-json\/wp\/v2\/pages\/567","targetHints":{"allow":["GET"]}}],"collection":[{"href":"https:\/\/revistadoscondominios.com.br\/desenvolvimento\/wp-json\/wp\/v2\/pages"}],"about":[{"href":"https:\/\/revistadoscondominios.com.br\/desenvolvimento\/wp-json\/wp\/v2\/types\/page"}],"author":[{"embeddable":true,"href":"https:\/\/revistadoscondominios.com.br\/desenvolvimento\/wp-json\/wp\/v2\/users\/1"}],"replies":[{"embeddable":true,"href":"https:\/\/revistadoscondominios.com.br\/desenvolvimento\/wp-json\/wp\/v2\/comments?post=567"}],"version-history":[{"count":0,"href":"https:\/\/revistadoscondominios.com.br\/desenvolvimento\/wp-json\/wp\/v2\/pages\/567\/revisions"}],"wp:attachment":[{"href":"https:\/\/revistadoscondominios.com.br\/desenvolvimento\/wp-json\/wp\/v2\/media?parent=567"}],"curies":[{"name":"wp","href":"https:\/\/api.w.org\/{rel}","templated":true}]}}