{"id":576,"date":"2021-11-12T00:40:12","date_gmt":"2021-11-12T00:40:12","guid":{"rendered":"https:\/\/revistadoscondominios.com.br\/nova\/?page_id=576"},"modified":"2021-11-12T00:40:12","modified_gmt":"2021-11-12T00:40:12","slug":"home-office-muda-estruturas-no-condominio","status":"publish","type":"page","link":"https:\/\/revistadoscondominios.com.br\/desenvolvimento\/home-office-muda-estruturas-no-condominio\/","title":{"rendered":"Home office muda estruturas no condom\u00ednio"},"content":{"rendered":"<h1>HOME OFFICE MUDA ESTRUTURAS NO CONDOM\u00cdNIO<\/h1>\n<p>COVID-19 PROVOCOU MUDAN\u00c7AS NA FORMA DE TRABALHO<\/p>\n<p><style>\np.capit::first-letter {   font-size: 4rem;    font-weight: bold;   float: left;margin: -20px 10px -20px 0px;}<br \/><\/style>\n<\/p>\n<p>Em tempos de pandemia, o brasileiro se viu for\u00e7ado a realizar algumas mudan\u00e7as em seu cotidiano. Para os empregadores, o desafio foi continuar com seus neg\u00f3cios apesar das dificuldades do distanciamento social, mas para os empregados o obst\u00e1culo foi referente \u00e0 adapta\u00e7\u00e3o do trabalho em home office.<\/p>\n<p>Para quem habita em condom\u00ednios, entretanto, o caos n\u00e3o se alastrou, e gra\u00e7as ao trabalho de s\u00edndicos e gestores, o ambiente condominial n\u00e3o s\u00f3 vem superando as barreiras impostas pela Covid-19, como tamb\u00e9m recebeu atualiza\u00e7\u00f5es e melhorias. Com as pessoas ficando mais tempo em casa, foi necess\u00e1rio trazer o mundo para dentro do espa\u00e7o condominial, tanto no que diz respeito \u00e0s normas sanit\u00e1rias, como na melhora das estruturas de apoio e \u00e1reas de lazer.<\/p>\n<p>Al\u00e9m das tradicionais \u00e1reas para que o propriet\u00e1rio tenha seu momento de tranquilidade, alguns itens v\u00eam ganhando mais import\u00e2ncia, como espa\u00e7os corporativos com sala de reuni\u00e3o, por exemplo, e at\u00e9 mini coworking que permitam mais condi\u00e7\u00f5es de trabalho. Al\u00e9m disso, h\u00e1 equipamentos mais tradicionais, como as academias de gin\u00e1stica. Para tanto, \u00e9 necess\u00e1rio que s\u00edndicos e gestores se atentem aos valores gastos com esses investimentos para dar mais possibilidades aos cond\u00f4minos, pois as estruturas n\u00e3o podem impactar as finan\u00e7as do condom\u00ednio.<\/p>\n<p>Outro equipamento que deve se tornar realidade s\u00e3o minimercados com autoatendimento nos condom\u00ednios, garantindo maior facilidade para os moradores na hora de realizar compras. A ideia \u00e9 oriunda da cidade de Santa Maria (RS), onde o servi\u00e7o prestado s\u00f3 \u00e9 poss\u00edvel gra\u00e7as \u00e0 confian\u00e7a atribu\u00edda ao cliente que pagar\u00e1 por aplicativo.<\/p>\n<p>Por fim, os condom\u00ednios tamb\u00e9m trar\u00e3o a obrigatoriedade da apresenta\u00e7\u00e3o de um comprovante de vacina\u00e7\u00e3o para circula\u00e7\u00e3o na \u00e1rea residencial, tanto para funcion\u00e1rios como para moradores.<\/p>\n","protected":false},"excerpt":{"rendered":"<p>HOME OFFICE MUDA ESTRUTURAS NO CONDOM\u00cdNIO COVID-19 PROVOCOU MUDAN\u00c7AS NA FORMA DE TRABALHO Em tempos de pandemia, o<\/p>\n","protected":false},"author":1,"featured_media":0,"parent":0,"menu_order":0,"comment_status":"closed","ping_status":"closed","template":"elementor_header_footer","meta":{"footnotes":""},"class_list":["post-576","page","type-page","status-publish","hentry"],"_links":{"self":[{"href":"https:\/\/revistadoscondominios.com.br\/desenvolvimento\/wp-json\/wp\/v2\/pages\/576","targetHints":{"allow":["GET"]}}],"collection":[{"href":"https:\/\/revistadoscondominios.com.br\/desenvolvimento\/wp-json\/wp\/v2\/pages"}],"about":[{"href":"https:\/\/revistadoscondominios.com.br\/desenvolvimento\/wp-json\/wp\/v2\/types\/page"}],"author":[{"embeddable":true,"href":"https:\/\/revistadoscondominios.com.br\/desenvolvimento\/wp-json\/wp\/v2\/users\/1"}],"replies":[{"embeddable":true,"href":"https:\/\/revistadoscondominios.com.br\/desenvolvimento\/wp-json\/wp\/v2\/comments?post=576"}],"version-history":[{"count":0,"href":"https:\/\/revistadoscondominios.com.br\/desenvolvimento\/wp-json\/wp\/v2\/pages\/576\/revisions"}],"wp:attachment":[{"href":"https:\/\/revistadoscondominios.com.br\/desenvolvimento\/wp-json\/wp\/v2\/media?parent=576"}],"curies":[{"name":"wp","href":"https:\/\/api.w.org\/{rel}","templated":true}]}}