{"id":603,"date":"2021-11-12T02:02:39","date_gmt":"2021-11-12T02:02:39","guid":{"rendered":"https:\/\/revistadoscondominios.com.br\/nova\/?page_id=603"},"modified":"2021-11-12T02:02:39","modified_gmt":"2021-11-12T02:02:39","slug":"credito-imobiliario","status":"publish","type":"page","link":"https:\/\/revistadoscondominios.com.br\/desenvolvimento\/credito-imobiliario\/","title":{"rendered":"Cr\u00e9dito Imobili\u00e1rio"},"content":{"rendered":"<h1>CR\u00c9DITO IMOBILI\u00c1RIO<\/h1>\n<p>QUAL O \u00c9 O MELHOR BANCO PARA FINANCIAR O IM\u00d3VEL PR\u00d3PRIO?<\/p>\n<p><img loading=\"lazy\" decoding=\"async\" width=\"523\" height=\"500\" src=\"https:\/\/revistadoscondominios.com.br\/wp-content\/uploads\/2022\/02\/credito-imobiliario.jpg\" alt=\"\" loading=\"lazy\" srcset=\"https:\/\/revistadoscondominios.com.br\/wp-content\/uploads\/2022\/02\/credito-imobiliario.jpg 523w, https:\/\/revistadoscondominios.com.br\/wp-content\/uploads\/2022\/02\/credito-imobiliario-300x287.jpg 300w\" sizes=\"auto, (max-width: 523px) 100vw, 523px\"><\/p>\n<style>\np.capit::first-letter {   font-size: 4rem;    font-weight: bold;   float: left;margin: -20px 10px -20px 0px;}<br \/><\/style>\n<p>Apandemia da Covid-19 fez com que os brasileiros redes cobrissem o desejo pela casa pr\u00f3pria. Em 2020, o financiamento imobili\u00e1rio cresceu 57,5% em rela\u00e7\u00e3o a 2019, e as cifras, neste ano, tiveram outro aumento, desta vez de 100,8% at\u00e9 julho. Esse salto fez com que a soma de valores ultrapassasse a marca dos R$ 180 bilh\u00f5es, segundo dados da Associa\u00e7\u00e3o Brasileira de Entidades de Cr\u00e9dito Imobili\u00e1rio e Poupan\u00e7a (Acebip).<\/p>\n<p>Desta forma, com a alta da demanda, o mercado se aqueceu, e as construtoras aceleraram para erguer novos condom\u00ednios. As pessoas correram ent\u00e3o para a obten\u00e7\u00e3o de cr\u00e9dito imobili\u00e1rio, assim, \u00e9 importante saber qual o melhor banco para realizar esse processo. Grandes bancos privados est\u00e3o aumentando suas taxas em cerca de 1 ponto percentual nas linhas de cr\u00e9ditos tradicionais, enquanto a Caixa anunciou redu\u00e7\u00e3o dos juros para financiamento imobili\u00e1rio, mesmo com a Selic (taxa b\u00e1sica de juros) em alta.<\/p>\n<p>Especialistas e empres\u00e1rios n\u00e3o se assustam com a medida, afinal, com a reuni\u00e3o do Comit\u00ea de Pol\u00edtica Monet\u00e1ria (Copom), do Banco Central (BC), realizada em 22\/9, o aumento j\u00e1 era esperado. Agora, com a taxa a 6,25%, essa medida o Copom tem como expectativa conter a infla\u00e7\u00e3o e deixa-la o mais pr\u00f3ximo poss\u00edvel do que foi estipulado pelo Banco Central, mas o aumento nos \u00faltimos 12 meses j\u00e1 chegou aos 9,68 p.p.<\/p>\n<p>\u00c9 imprescind\u00edvel, tamb\u00e9m, conferir o tempo de financiamento dispon\u00edvel em cada banco, pois h\u00e1 varia\u00e7\u00e3o no n\u00famero de presta\u00e7\u00f5es.<\/p>\n<p>Em rela\u00e7\u00e3o ao Santander, \u00e9 poss\u00edvel usar o FGTS em im\u00f3veis residenciais avaliados em at\u00e9 R$ 1,5 milh\u00e3o, usados ou novos, com as parcelas podendo ser quitadas em at\u00e9 35 anos. No caso da Caixa, o FGTS pode ser usado como parte do pagamento, al\u00e9m de escolher entre TR e IPCA como fatores de corre\u00e7\u00e3o.<\/p>\n<p>Abaixo, confira as taxas m\u00ednimas de financiamento de cada banco:<\/p>\n<ul>\n<li>Santander: a partir de 7,99% ao ano + TR<\/li>\n<\/ul>\n<ul>\n<li>Ita\u00fa: a partir de 7,45% ao ano + TR<\/li>\n<\/ul>\n<ul>\n<li>Bradesco: 7,30% ao ano + TR<\/li>\n<\/ul>\n<ul>\n<li>Caixa: a partir de 6,50 ao ano + TR \/ a partir de 2,95% + IPCA<\/li>\n<\/ul>\n<ul>\n<li>Banco do Brasil: a partir de 7,30% ao ano + TR \/ a partir de 3,45 + IPCA<\/li>\n<\/ul>\n","protected":false},"excerpt":{"rendered":"<p>CR\u00c9DITO IMOBILI\u00c1RIO QUAL O \u00c9 O MELHOR BANCO PARA FINANCIAR O IM\u00d3VEL PR\u00d3PRIO? Apandemia da Covid-19 fez com<\/p>\n","protected":false},"author":1,"featured_media":0,"parent":0,"menu_order":0,"comment_status":"closed","ping_status":"closed","template":"elementor_header_footer","meta":{"footnotes":""},"class_list":["post-603","page","type-page","status-publish","hentry"],"_links":{"self":[{"href":"https:\/\/revistadoscondominios.com.br\/desenvolvimento\/wp-json\/wp\/v2\/pages\/603","targetHints":{"allow":["GET"]}}],"collection":[{"href":"https:\/\/revistadoscondominios.com.br\/desenvolvimento\/wp-json\/wp\/v2\/pages"}],"about":[{"href":"https:\/\/revistadoscondominios.com.br\/desenvolvimento\/wp-json\/wp\/v2\/types\/page"}],"author":[{"embeddable":true,"href":"https:\/\/revistadoscondominios.com.br\/desenvolvimento\/wp-json\/wp\/v2\/users\/1"}],"replies":[{"embeddable":true,"href":"https:\/\/revistadoscondominios.com.br\/desenvolvimento\/wp-json\/wp\/v2\/comments?post=603"}],"version-history":[{"count":0,"href":"https:\/\/revistadoscondominios.com.br\/desenvolvimento\/wp-json\/wp\/v2\/pages\/603\/revisions"}],"wp:attachment":[{"href":"https:\/\/revistadoscondominios.com.br\/desenvolvimento\/wp-json\/wp\/v2\/media?parent=603"}],"curies":[{"name":"wp","href":"https:\/\/api.w.org\/{rel}","templated":true}]}}