{"id":632,"date":"2021-11-12T14:01:01","date_gmt":"2021-11-12T17:01:01","guid":{"rendered":"https:\/\/revistadoscondominios.com.br\/nova\/?page_id=632"},"modified":"2024-03-04T17:38:27","modified_gmt":"2024-03-04T17:38:27","slug":"gestao-condominial-2-2","status":"publish","type":"page","link":"https:\/\/revistadoscondominios.com.br\/desenvolvimento\/gestao-condominial-2-2\/","title":{"rendered":"Gest\u00e3o Condominial"},"content":{"rendered":"\t\t<div data-elementor-type=\"wp-page\" data-elementor-id=\"632\" class=\"elementor elementor-632\">\n\t\t\t\t\t\t<\/div>\n\t\t","protected":false},"excerpt":{"rendered":"<p>GEST\u00c3O CONDOMINIAL ADMINISTRA\u00c7\u00c3O DIRETA DO CONDOM\u00cdNIO \u2022 S\u00edndicos e subs\u00edndicos A cada edi\u00e7\u00e3o, uma sele\u00e7\u00e3o imperd\u00edvel de reportagens<\/p>\n","protected":false},"author":1,"featured_media":0,"parent":0,"menu_order":0,"comment_status":"closed","ping_status":"closed","template":"elementor_header_footer","meta":{"footnotes":""},"class_list":["post-632","page","type-page","status-publish","hentry"],"_links":{"self":[{"href":"https:\/\/revistadoscondominios.com.br\/desenvolvimento\/wp-json\/wp\/v2\/pages\/632","targetHints":{"allow":["GET"]}}],"collection":[{"href":"https:\/\/revistadoscondominios.com.br\/desenvolvimento\/wp-json\/wp\/v2\/pages"}],"about":[{"href":"https:\/\/revistadoscondominios.com.br\/desenvolvimento\/wp-json\/wp\/v2\/types\/page"}],"author":[{"embeddable":true,"href":"https:\/\/revistadoscondominios.com.br\/desenvolvimento\/wp-json\/wp\/v2\/users\/1"}],"replies":[{"embeddable":true,"href":"https:\/\/revistadoscondominios.com.br\/desenvolvimento\/wp-json\/wp\/v2\/comments?post=632"}],"version-history":[{"count":18,"href":"https:\/\/revistadoscondominios.com.br\/desenvolvimento\/wp-json\/wp\/v2\/pages\/632\/revisions"}],"predecessor-version":[{"id":27087,"href":"https:\/\/revistadoscondominios.com.br\/desenvolvimento\/wp-json\/wp\/v2\/pages\/632\/revisions\/27087"}],"wp:attachment":[{"href":"https:\/\/revistadoscondominios.com.br\/desenvolvimento\/wp-json\/wp\/v2\/media?parent=632"}],"curies":[{"name":"wp","href":"https:\/\/api.w.org\/{rel}","templated":true}]}}